{"id":114,"date":"2025-09-03T20:35:14","date_gmt":"2025-09-03T18:35:14","guid":{"rendered":"https:\/\/hokej-polemika.sk\/?page_id=114"},"modified":"2025-10-13T15:42:00","modified_gmt":"2025-10-13T13:42:00","slug":"domov","status":"publish","type":"page","link":"https:\/\/www.hokej-polemika.sk\/","title":{"rendered":"Domov"},"content":{"rendered":"\n<div class=\"wp-block-columns is-layout-flex wp-container-core-columns-is-layout-28f84493 wp-block-columns-is-layout-flex\">\n<div class=\"wp-block-column is-layout-flow wp-block-column-is-layout-flow\">\n<figure class=\"wp-block-image size-large\"><img loading=\"lazy\" decoding=\"async\" width=\"1024\" height=\"1024\" src=\"https:\/\/hokej-polemika.sk\/wp-content\/uploads\/2023\/05\/kniha-1024x1024.png\" alt=\"\" class=\"wp-image-20\" srcset=\"https:\/\/www.hokej-polemika.sk\/wp-content\/uploads\/2023\/05\/kniha-1024x1024.png 1024w, https:\/\/www.hokej-polemika.sk\/wp-content\/uploads\/2023\/05\/kniha-300x300.png 300w, https:\/\/www.hokej-polemika.sk\/wp-content\/uploads\/2023\/05\/kniha-100x100.png 100w, https:\/\/www.hokej-polemika.sk\/wp-content\/uploads\/2023\/05\/kniha-600x600.png 600w, https:\/\/www.hokej-polemika.sk\/wp-content\/uploads\/2023\/05\/kniha-150x150.png 150w, https:\/\/www.hokej-polemika.sk\/wp-content\/uploads\/2023\/05\/kniha-768x768.png 768w, https:\/\/www.hokej-polemika.sk\/wp-content\/uploads\/2023\/05\/kniha-1536x1536.png 1536w, https:\/\/www.hokej-polemika.sk\/wp-content\/uploads\/2023\/05\/kniha.png 2000w\" sizes=\"auto, (max-width: 1024px) 100vw, 1024px\" \/><\/figure>\n<\/div>\n\n\n\n<div class=\"wp-block-column is-vertically-aligned-center is-layout-flow wp-block-column-is-layout-flow\">\n<h2 class=\"wp-block-heading has-text-align-center has-text-color has-link-color wp-elements-c16810aee9448e5f33a3dcdcec072db1\" style=\"color:#375e6d\">Miroslav \u0160atan &#8211; prezident SZ\u013dH<\/h2>\n\n\n\n<p class=\"has-text-align-center has-text-color has-link-color wp-elements-6d9663bb510f469469991c46dfc4dc46\" style=\"color:#375e6d\">&#8222;Aj v kontexte s posudkami recenzentov je t\u00e1to kniha nepochybne v\u00fdznamn\u00fdm pr\u00edspevkom k na\u0161tartovaniu diskusie o tom, ako \u010falej smerova\u0165 v\u00fdvoj hokeja na Slovensku. Najm\u00e4 jej prv\u00e1 \u010das\u0165 poskytuje ucelen\u00fd obraz, ako sa historicky vyv\u00edjala hokejov\u00e1 metodika nielen u n\u00e1s, ale aj v celom hokejovom svete. Mysl\u00edm si, \u017ee tak\u00fdto poh\u013ead do hist\u00f3rie n\u00e1m pom\u00f4\u017ee nastavi\u0165 metodick\u00fd rozvoj aj do na\u0161ej bud\u00facnosti a preto sa SZ\u013dH rozhodlo podpori\u0165 vydanie tejto polemiky, aj ke\u010f s n\u00e1zormi autorov nemusia v\u0161etci s\u00fahlasi\u0165. Napriek tomu m\u00e1 kniha hlbok\u00fd in\u0161pirat\u00edvny charakter pre vzdel\u00e1vanie v\u0161etk\u00fdch \u013eud\u00ed, ktor\u00ed to s hokejom myslia dobre, teda tr\u00e9nerov, funkcion\u00e1rov, hr\u00e1\u010dov, ale aj fan\u00fa\u0161ikov.&#8220;<\/p>\n<\/div>\n<\/div>\n","protected":false},"excerpt":{"rendered":"<p>Miroslav \u0160atan &#8211; prezident SZ\u013dH &#8222;Aj v kontexte s posudkami recenzentov je t\u00e1to kniha nepochybne v\u00fdznamn\u00fdm pr\u00edspevkom k na\u0161tartovaniu diskusie o tom, ako \u010falej smerova\u0165 v\u00fdvoj hokeja na Slovensku. Najm\u00e4 jej prv\u00e1 \u010das\u0165 poskytuje ucelen\u00fd obraz, ako sa historicky vyv\u00edjala hokejov\u00e1 metodika nielen u n\u00e1s, ale aj v celom hokejovom svete. Mysl\u00edm si, \u017ee tak\u00fdto [&hellip;]<\/p>\n","protected":false},"author":1,"featured_media":20,"parent":0,"menu_order":0,"comment_status":"closed","ping_status":"closed","template":"page-no-title","meta":{"_monsterinsights_skip_tracking":false,"_monsterinsights_sitenote_active":false,"_monsterinsights_sitenote_note":"","_monsterinsights_sitenote_category":0,"footnotes":""},"class_list":["post-114","page","type-page","status-publish","has-post-thumbnail","hentry"],"yoast_head":"<!-- This site is optimized with the Yoast SEO plugin v26.7 - https:\/\/yoast.com\/wordpress\/plugins\/seo\/ -->\n<title>Domov - Polemika o slovenskom hokeji<\/title>\n<meta name=\"robots\" content=\"index, follow, max-snippet:-1, max-image-preview:large, max-video-preview:-1\" \/>\n<link rel=\"canonical\" href=\"https:\/\/www.hokej-polemika.sk\/\" \/>\n<meta property=\"og:locale\" content=\"sk_SK\" \/>\n<meta property=\"og:type\" content=\"article\" \/>\n<meta property=\"og:title\" content=\"Domov - Polemika o slovenskom hokeji\" \/>\n<meta property=\"og:description\" content=\"Miroslav \u0160atan &#8211; prezident SZ\u013dH &#8222;Aj v kontexte s posudkami recenzentov je t\u00e1to kniha nepochybne v\u00fdznamn\u00fdm pr\u00edspevkom k na\u0161tartovaniu diskusie o tom, ako \u010falej smerova\u0165 v\u00fdvoj hokeja na Slovensku. Najm\u00e4 jej prv\u00e1 \u010das\u0165 poskytuje ucelen\u00fd obraz, ako sa historicky vyv\u00edjala hokejov\u00e1 metodika nielen u n\u00e1s, ale aj v celom hokejovom svete. Mysl\u00edm si, \u017ee tak\u00fdto [&hellip;]\" \/>\n<meta property=\"og:url\" content=\"https:\/\/www.hokej-polemika.sk\/\" \/>\n<meta property=\"og:site_name\" content=\"Polemika o slovenskom hokeji\" \/>\n<meta property=\"article:modified_time\" content=\"2025-10-13T13:42:00+00:00\" \/>\n<meta property=\"og:image\" content=\"https:\/\/www.hokej-polemika.sk\/wp-content\/uploads\/2023\/05\/kniha.png\" \/>\n\t<meta property=\"og:image:width\" content=\"2000\" \/>\n\t<meta property=\"og:image:height\" content=\"2000\" \/>\n\t<meta property=\"og:image:type\" content=\"image\/png\" \/>\n<meta name=\"twitter:card\" content=\"summary_large_image\" \/>\n<meta name=\"twitter:label1\" content=\"Predpokladan\u00fd \u010das \u010d\u00edtania\" \/>\n\t<meta name=\"twitter:data1\" content=\"1 min\u00fata\" \/>\n<script type=\"application\/ld+json\" class=\"yoast-schema-graph\">{\"@context\":\"https:\/\/schema.org\",\"@graph\":[{\"@type\":\"WebPage\",\"@id\":\"https:\/\/www.hokej-polemika.sk\/\",\"url\":\"https:\/\/www.hokej-polemika.sk\/\",\"name\":\"Domov - Polemika o slovenskom hokeji\",\"isPartOf\":{\"@id\":\"https:\/\/www.hokej-polemika.sk\/#website\"},\"primaryImageOfPage\":{\"@id\":\"https:\/\/www.hokej-polemika.sk\/#primaryimage\"},\"image\":{\"@id\":\"https:\/\/www.hokej-polemika.sk\/#primaryimage\"},\"thumbnailUrl\":\"https:\/\/www.hokej-polemika.sk\/wp-content\/uploads\/2023\/05\/kniha.png\",\"datePublished\":\"2025-09-03T18:35:14+00:00\",\"dateModified\":\"2025-10-13T13:42:00+00:00\",\"breadcrumb\":{\"@id\":\"https:\/\/www.hokej-polemika.sk\/#breadcrumb\"},\"inLanguage\":\"sk-SK\",\"potentialAction\":[{\"@type\":\"ReadAction\",\"target\":[\"https:\/\/www.hokej-polemika.sk\/\"]}]},{\"@type\":\"ImageObject\",\"inLanguage\":\"sk-SK\",\"@id\":\"https:\/\/www.hokej-polemika.sk\/#primaryimage\",\"url\":\"https:\/\/www.hokej-polemika.sk\/wp-content\/uploads\/2023\/05\/kniha.png\",\"contentUrl\":\"https:\/\/www.hokej-polemika.sk\/wp-content\/uploads\/2023\/05\/kniha.png\",\"width\":2000,\"height\":2000},{\"@type\":\"BreadcrumbList\",\"@id\":\"https:\/\/www.hokej-polemika.sk\/#breadcrumb\",\"itemListElement\":[{\"@type\":\"ListItem\",\"position\":1,\"name\":\"Home\",\"item\":\"https:\/\/www.hokej-polemika.sk\/\"},{\"@type\":\"ListItem\",\"position\":2,\"name\":\"Domov\"}]},{\"@type\":\"WebSite\",\"@id\":\"https:\/\/www.hokej-polemika.sk\/#website\",\"url\":\"https:\/\/www.hokej-polemika.sk\/\",\"name\":\"Polemika o slovenskom hokeji\",\"description\":\"\",\"publisher\":{\"@id\":\"https:\/\/www.hokej-polemika.sk\/#organization\"},\"potentialAction\":[{\"@type\":\"SearchAction\",\"target\":{\"@type\":\"EntryPoint\",\"urlTemplate\":\"https:\/\/www.hokej-polemika.sk\/?s={search_term_string}\"},\"query-input\":{\"@type\":\"PropertyValueSpecification\",\"valueRequired\":true,\"valueName\":\"search_term_string\"}}],\"inLanguage\":\"sk-SK\"},{\"@type\":\"Organization\",\"@id\":\"https:\/\/www.hokej-polemika.sk\/#organization\",\"name\":\"Polemika o slovenskom hokeji\",\"url\":\"https:\/\/www.hokej-polemika.sk\/\",\"logo\":{\"@type\":\"ImageObject\",\"inLanguage\":\"sk-SK\",\"@id\":\"https:\/\/www.hokej-polemika.sk\/#\/schema\/logo\/image\/\",\"url\":\"https:\/\/www.hokej-polemika.sk\/wp-content\/uploads\/2023\/05\/logo.png\",\"contentUrl\":\"https:\/\/www.hokej-polemika.sk\/wp-content\/uploads\/2023\/05\/logo.png\",\"width\":3840,\"height\":2160,\"caption\":\"Polemika o slovenskom hokeji\"},\"image\":{\"@id\":\"https:\/\/www.hokej-polemika.sk\/#\/schema\/logo\/image\/\"}}]}<\/script>\n<!-- \/ Yoast SEO plugin. -->","yoast_head_json":{"title":"Domov - Polemika o slovenskom hokeji","robots":{"index":"index","follow":"follow","max-snippet":"max-snippet:-1","max-image-preview":"max-image-preview:large","max-video-preview":"max-video-preview:-1"},"canonical":"https:\/\/www.hokej-polemika.sk\/","og_locale":"sk_SK","og_type":"article","og_title":"Domov - Polemika o slovenskom hokeji","og_description":"Miroslav \u0160atan &#8211; prezident SZ\u013dH &#8222;Aj v kontexte s posudkami recenzentov je t\u00e1to kniha nepochybne v\u00fdznamn\u00fdm pr\u00edspevkom k na\u0161tartovaniu diskusie o tom, ako \u010falej smerova\u0165 v\u00fdvoj hokeja na Slovensku. Najm\u00e4 jej prv\u00e1 \u010das\u0165 poskytuje ucelen\u00fd obraz, ako sa historicky vyv\u00edjala hokejov\u00e1 metodika nielen u n\u00e1s, ale aj v celom hokejovom svete. Mysl\u00edm si, \u017ee tak\u00fdto [&hellip;]","og_url":"https:\/\/www.hokej-polemika.sk\/","og_site_name":"Polemika o slovenskom hokeji","article_modified_time":"2025-10-13T13:42:00+00:00","og_image":[{"width":2000,"height":2000,"url":"https:\/\/www.hokej-polemika.sk\/wp-content\/uploads\/2023\/05\/kniha.png","type":"image\/png"}],"twitter_card":"summary_large_image","twitter_misc":{"Predpokladan\u00fd \u010das \u010d\u00edtania":"1 min\u00fata"},"schema":{"@context":"https:\/\/schema.org","@graph":[{"@type":"WebPage","@id":"https:\/\/www.hokej-polemika.sk\/","url":"https:\/\/www.hokej-polemika.sk\/","name":"Domov - Polemika o slovenskom hokeji","isPartOf":{"@id":"https:\/\/www.hokej-polemika.sk\/#website"},"primaryImageOfPage":{"@id":"https:\/\/www.hokej-polemika.sk\/#primaryimage"},"image":{"@id":"https:\/\/www.hokej-polemika.sk\/#primaryimage"},"thumbnailUrl":"https:\/\/www.hokej-polemika.sk\/wp-content\/uploads\/2023\/05\/kniha.png","datePublished":"2025-09-03T18:35:14+00:00","dateModified":"2025-10-13T13:42:00+00:00","breadcrumb":{"@id":"https:\/\/www.hokej-polemika.sk\/#breadcrumb"},"inLanguage":"sk-SK","potentialAction":[{"@type":"ReadAction","target":["https:\/\/www.hokej-polemika.sk\/"]}]},{"@type":"ImageObject","inLanguage":"sk-SK","@id":"https:\/\/www.hokej-polemika.sk\/#primaryimage","url":"https:\/\/www.hokej-polemika.sk\/wp-content\/uploads\/2023\/05\/kniha.png","contentUrl":"https:\/\/www.hokej-polemika.sk\/wp-content\/uploads\/2023\/05\/kniha.png","width":2000,"height":2000},{"@type":"BreadcrumbList","@id":"https:\/\/www.hokej-polemika.sk\/#breadcrumb","itemListElement":[{"@type":"ListItem","position":1,"name":"Home","item":"https:\/\/www.hokej-polemika.sk\/"},{"@type":"ListItem","position":2,"name":"Domov"}]},{"@type":"WebSite","@id":"https:\/\/www.hokej-polemika.sk\/#website","url":"https:\/\/www.hokej-polemika.sk\/","name":"Polemika o slovenskom hokeji","description":"","publisher":{"@id":"https:\/\/www.hokej-polemika.sk\/#organization"},"potentialAction":[{"@type":"SearchAction","target":{"@type":"EntryPoint","urlTemplate":"https:\/\/www.hokej-polemika.sk\/?s={search_term_string}"},"query-input":{"@type":"PropertyValueSpecification","valueRequired":true,"valueName":"search_term_string"}}],"inLanguage":"sk-SK"},{"@type":"Organization","@id":"https:\/\/www.hokej-polemika.sk\/#organization","name":"Polemika o slovenskom hokeji","url":"https:\/\/www.hokej-polemika.sk\/","logo":{"@type":"ImageObject","inLanguage":"sk-SK","@id":"https:\/\/www.hokej-polemika.sk\/#\/schema\/logo\/image\/","url":"https:\/\/www.hokej-polemika.sk\/wp-content\/uploads\/2023\/05\/logo.png","contentUrl":"https:\/\/www.hokej-polemika.sk\/wp-content\/uploads\/2023\/05\/logo.png","width":3840,"height":2160,"caption":"Polemika o slovenskom hokeji"},"image":{"@id":"https:\/\/www.hokej-polemika.sk\/#\/schema\/logo\/image\/"}}]}},"jetpack_sharing_enabled":true,"_links":{"self":[{"href":"https:\/\/www.hokej-polemika.sk\/index.php?rest_route=\/wp\/v2\/pages\/114","targetHints":{"allow":["GET"]}}],"collection":[{"href":"https:\/\/www.hokej-polemika.sk\/index.php?rest_route=\/wp\/v2\/pages"}],"about":[{"href":"https:\/\/www.hokej-polemika.sk\/index.php?rest_route=\/wp\/v2\/types\/page"}],"author":[{"embeddable":true,"href":"https:\/\/www.hokej-polemika.sk\/index.php?rest_route=\/wp\/v2\/users\/1"}],"replies":[{"embeddable":true,"href":"https:\/\/www.hokej-polemika.sk\/index.php?rest_route=%2Fwp%2Fv2%2Fcomments&post=114"}],"version-history":[{"count":4,"href":"https:\/\/www.hokej-polemika.sk\/index.php?rest_route=\/wp\/v2\/pages\/114\/revisions"}],"predecessor-version":[{"id":229,"href":"https:\/\/www.hokej-polemika.sk\/index.php?rest_route=\/wp\/v2\/pages\/114\/revisions\/229"}],"wp:featuredmedia":[{"embeddable":true,"href":"https:\/\/www.hokej-polemika.sk\/index.php?rest_route=\/wp\/v2\/media\/20"}],"wp:attachment":[{"href":"https:\/\/www.hokej-polemika.sk\/index.php?rest_route=%2Fwp%2Fv2%2Fmedia&parent=114"}],"curies":[{"name":"wp","href":"https:\/\/api.w.org\/{rel}","templated":true}]}}