{"id":162,"date":"2025-09-04T10:18:55","date_gmt":"2025-09-04T08:18:55","guid":{"rendered":"https:\/\/hokej-polemika.sk\/?page_id=162"},"modified":"2025-09-05T09:36:25","modified_gmt":"2025-09-05T07:36:25","slug":"foto","status":"publish","type":"page","link":"https:\/\/www.hokej-polemika.sk\/?page_id=162","title":{"rendered":"Foto"},"content":{"rendered":"\n<h2 class=\"wp-block-heading has-text-align-center has-text-color has-link-color wp-elements-42f4812d0f91e4107a5d370b9492fdec\" style=\"color:#375e6d\"><strong>Fotogal\u00e9ria z krstu knihy d\u0148a 16.12.2022 v Slovenskom olympijskom a \u0161portovom m\u00fazeu<\/strong><\/h2>\n\n\n\n<figure class=\"wp-block-gallery has-nested-images columns-default is-cropped wp-block-gallery-1 is-layout-flex wp-block-gallery-is-layout-flex\">\n<figure class=\"wp-block-image size-full\"><a href=\"https:\/\/hokej-polemika.sk\/wp-content\/uploads\/2023\/05\/hrubyLazoGolian-scaled.jpg\"><img loading=\"lazy\" decoding=\"async\" width=\"2560\" height=\"1738\" data-id=\"51\" src=\"https:\/\/hokej-polemika.sk\/wp-content\/uploads\/2023\/05\/hrubyLazoGolian-scaled.jpg\" alt=\"\" class=\"wp-image-51\" srcset=\"https:\/\/www.hokej-polemika.sk\/wp-content\/uploads\/2023\/05\/hrubyLazoGolian-scaled.jpg 2560w, https:\/\/www.hokej-polemika.sk\/wp-content\/uploads\/2023\/05\/hrubyLazoGolian-scaled-600x407.jpg 600w, https:\/\/www.hokej-polemika.sk\/wp-content\/uploads\/2023\/05\/hrubyLazoGolian-300x204.jpg 300w, https:\/\/www.hokej-polemika.sk\/wp-content\/uploads\/2023\/05\/hrubyLazoGolian-1024x695.jpg 1024w, https:\/\/www.hokej-polemika.sk\/wp-content\/uploads\/2023\/05\/hrubyLazoGolian-768x521.jpg 768w, https:\/\/www.hokej-polemika.sk\/wp-content\/uploads\/2023\/05\/hrubyLazoGolian-1536x1043.jpg 1536w, https:\/\/www.hokej-polemika.sk\/wp-content\/uploads\/2023\/05\/hrubyLazoGolian-2048x1391.jpg 2048w\" sizes=\"auto, (max-width: 2560px) 100vw, 2560px\" \/><\/a><figcaption class=\"wp-element-caption\">Rudolf Hrub\u00fd, Miroslav La\u017eo, J\u00e1n Golian po\u010das krstu knihy<\/figcaption><\/figure>\n\n\n\n<figure class=\"wp-block-image size-full\"><a href=\"https:\/\/hokej-polemika.sk\/wp-content\/uploads\/2023\/05\/2stevcekKorcokGolonkaFilcSupler-scaled.jpg\"><img loading=\"lazy\" decoding=\"async\" width=\"2560\" height=\"1690\" data-id=\"52\" src=\"https:\/\/hokej-polemika.sk\/wp-content\/uploads\/2023\/05\/2stevcekKorcokGolonkaFilcSupler-scaled.jpg\" alt=\"\" class=\"wp-image-52\" srcset=\"https:\/\/www.hokej-polemika.sk\/wp-content\/uploads\/2023\/05\/2stevcekKorcokGolonkaFilcSupler-scaled.jpg 2560w, https:\/\/www.hokej-polemika.sk\/wp-content\/uploads\/2023\/05\/2stevcekKorcokGolonkaFilcSupler-scaled-600x396.jpg 600w, https:\/\/www.hokej-polemika.sk\/wp-content\/uploads\/2023\/05\/2stevcekKorcokGolonkaFilcSupler-300x198.jpg 300w, https:\/\/www.hokej-polemika.sk\/wp-content\/uploads\/2023\/05\/2stevcekKorcokGolonkaFilcSupler-1024x676.jpg 1024w, https:\/\/www.hokej-polemika.sk\/wp-content\/uploads\/2023\/05\/2stevcekKorcokGolonkaFilcSupler-768x507.jpg 768w, https:\/\/www.hokej-polemika.sk\/wp-content\/uploads\/2023\/05\/2stevcekKorcokGolonkaFilcSupler-1536x1014.jpg 1536w, https:\/\/www.hokej-polemika.sk\/wp-content\/uploads\/2023\/05\/2stevcekKorcokGolonkaFilcSupler-2048x1352.jpg 2048w\" sizes=\"auto, (max-width: 2560px) 100vw, 2560px\" \/><\/a><figcaption class=\"wp-element-caption\">Krst knihy Polemika o slovenskom hokeji od autorov J\u00e1na Goliana a J\u00e1na Holka 16.12.2022.  Foto Jan Sukup-\u0160tartfoto<\/figcaption><\/figure>\n\n\n\n<figure class=\"wp-block-image size-full\"><a href=\"https:\/\/hokej-polemika.sk\/wp-content\/uploads\/2023\/05\/3golianHolko-scaled.jpg\"><img loading=\"lazy\" decoding=\"async\" width=\"2560\" height=\"1719\" data-id=\"53\" src=\"https:\/\/hokej-polemika.sk\/wp-content\/uploads\/2023\/05\/3golianHolko-scaled.jpg\" alt=\"\" class=\"wp-image-53\" srcset=\"https:\/\/www.hokej-polemika.sk\/wp-content\/uploads\/2023\/05\/3golianHolko-scaled.jpg 2560w, https:\/\/www.hokej-polemika.sk\/wp-content\/uploads\/2023\/05\/3golianHolko-scaled-600x403.jpg 600w, https:\/\/www.hokej-polemika.sk\/wp-content\/uploads\/2023\/05\/3golianHolko-300x201.jpg 300w, https:\/\/www.hokej-polemika.sk\/wp-content\/uploads\/2023\/05\/3golianHolko-1024x687.jpg 1024w, https:\/\/www.hokej-polemika.sk\/wp-content\/uploads\/2023\/05\/3golianHolko-768x516.jpg 768w, https:\/\/www.hokej-polemika.sk\/wp-content\/uploads\/2023\/05\/3golianHolko-1536x1031.jpg 1536w, https:\/\/www.hokej-polemika.sk\/wp-content\/uploads\/2023\/05\/3golianHolko-2048x1375.jpg 2048w\" sizes=\"auto, (max-width: 2560px) 100vw, 2560px\" \/><\/a><figcaption class=\"wp-element-caption\">Krst knihy Polemika o slovenskom hokeji od autorov J\u00e1na Goliana a J\u00e1na Holka 16.12.2022.  Foto Jan Sukup-\u0160tartfoto<\/figcaption><\/figure>\n\n\n\n<figure class=\"wp-block-image size-full\"><a href=\"https:\/\/hokej-polemika.sk\/wp-content\/uploads\/2025\/09\/4-scaled.jpg\"><img loading=\"lazy\" decoding=\"async\" width=\"2560\" height=\"1996\" data-id=\"163\" src=\"https:\/\/hokej-polemika.sk\/wp-content\/uploads\/2025\/09\/4-scaled.jpg\" alt=\"Gener\u00e1lny sekret\u00e1r HockeySlovakia Miroslav La\u017eo pri sl\u00e1vnostnom prejave\" class=\"wp-image-163\" srcset=\"https:\/\/www.hokej-polemika.sk\/wp-content\/uploads\/2025\/09\/4-scaled.jpg 2560w, https:\/\/www.hokej-polemika.sk\/wp-content\/uploads\/2025\/09\/4-300x234.jpg 300w, https:\/\/www.hokej-polemika.sk\/wp-content\/uploads\/2025\/09\/4-1024x798.jpg 1024w, https:\/\/www.hokej-polemika.sk\/wp-content\/uploads\/2025\/09\/4-768x599.jpg 768w, https:\/\/www.hokej-polemika.sk\/wp-content\/uploads\/2025\/09\/4-1536x1198.jpg 1536w, https:\/\/www.hokej-polemika.sk\/wp-content\/uploads\/2025\/09\/4-2048x1597.jpg 2048w, https:\/\/www.hokej-polemika.sk\/wp-content\/uploads\/2025\/09\/4-1320x1029.jpg 1320w, https:\/\/www.hokej-polemika.sk\/wp-content\/uploads\/2025\/09\/4-600x468.jpg 600w\" sizes=\"auto, (max-width: 2560px) 100vw, 2560px\" \/><\/a><figcaption class=\"wp-element-caption\">Foto Jan Sukup-\u0160tartfoto<\/figcaption><\/figure>\n\n\n\n<figure class=\"wp-block-image size-full\"><a href=\"https:\/\/hokej-polemika.sk\/wp-content\/uploads\/2025\/09\/5-scaled.jpg\"><img loading=\"lazy\" decoding=\"async\" width=\"2560\" height=\"1898\" data-id=\"164\" src=\"https:\/\/hokej-polemika.sk\/wp-content\/uploads\/2025\/09\/5-scaled.jpg\" alt=\"\" class=\"wp-image-164\" srcset=\"https:\/\/www.hokej-polemika.sk\/wp-content\/uploads\/2025\/09\/5-scaled.jpg 2560w, https:\/\/www.hokej-polemika.sk\/wp-content\/uploads\/2025\/09\/5-300x222.jpg 300w, https:\/\/www.hokej-polemika.sk\/wp-content\/uploads\/2025\/09\/5-1024x759.jpg 1024w, https:\/\/www.hokej-polemika.sk\/wp-content\/uploads\/2025\/09\/5-768x569.jpg 768w, https:\/\/www.hokej-polemika.sk\/wp-content\/uploads\/2025\/09\/5-1536x1139.jpg 1536w, https:\/\/www.hokej-polemika.sk\/wp-content\/uploads\/2025\/09\/5-2048x1518.jpg 2048w, https:\/\/www.hokej-polemika.sk\/wp-content\/uploads\/2025\/09\/5-1320x979.jpg 1320w, https:\/\/www.hokej-polemika.sk\/wp-content\/uploads\/2025\/09\/5-600x445.jpg 600w\" sizes=\"auto, (max-width: 2560px) 100vw, 2560px\" \/><\/a><figcaption class=\"wp-element-caption\">Krst knihy Polemika o slovenskom hokeji od autorov J\u00e1na Goliana a J\u00e1na Holka 16.12.2022.  Foto Jan Sukup-\u0160tartfoto<\/figcaption><\/figure>\n\n\n\n<figure class=\"wp-block-image size-full\"><a href=\"https:\/\/hokej-polemika.sk\/wp-content\/uploads\/2025\/09\/6-scaled.jpg\"><img loading=\"lazy\" decoding=\"async\" width=\"2560\" height=\"1902\" data-id=\"165\" src=\"https:\/\/hokej-polemika.sk\/wp-content\/uploads\/2025\/09\/6-scaled.jpg\" alt=\"\" class=\"wp-image-165\" srcset=\"https:\/\/www.hokej-polemika.sk\/wp-content\/uploads\/2025\/09\/6-scaled.jpg 2560w, https:\/\/www.hokej-polemika.sk\/wp-content\/uploads\/2025\/09\/6-300x223.jpg 300w, https:\/\/www.hokej-polemika.sk\/wp-content\/uploads\/2025\/09\/6-1024x761.jpg 1024w, https:\/\/www.hokej-polemika.sk\/wp-content\/uploads\/2025\/09\/6-768x571.jpg 768w, https:\/\/www.hokej-polemika.sk\/wp-content\/uploads\/2025\/09\/6-1536x1141.jpg 1536w, https:\/\/www.hokej-polemika.sk\/wp-content\/uploads\/2025\/09\/6-2048x1522.jpg 2048w, https:\/\/www.hokej-polemika.sk\/wp-content\/uploads\/2025\/09\/6-1320x981.jpg 1320w, https:\/\/www.hokej-polemika.sk\/wp-content\/uploads\/2025\/09\/6-600x446.jpg 600w\" sizes=\"auto, (max-width: 2560px) 100vw, 2560px\" \/><\/a><figcaption class=\"wp-element-caption\">Krst knihy Polemika o slovenskom hokeji od autorov J\u00e1na Goliana a J\u00e1na Holka 16.12.2022.  Foto Jan Sukup-\u0160tartfoto<\/figcaption><\/figure>\n\n\n\n<figure class=\"wp-block-image size-full\"><a href=\"https:\/\/hokej-polemika.sk\/wp-content\/uploads\/2025\/09\/7-scaled.jpg\"><img loading=\"lazy\" decoding=\"async\" width=\"2560\" height=\"1879\" data-id=\"166\" src=\"https:\/\/hokej-polemika.sk\/wp-content\/uploads\/2025\/09\/7-scaled.jpg\" alt=\"\" class=\"wp-image-166\" srcset=\"https:\/\/www.hokej-polemika.sk\/wp-content\/uploads\/2025\/09\/7-scaled.jpg 2560w, https:\/\/www.hokej-polemika.sk\/wp-content\/uploads\/2025\/09\/7-300x220.jpg 300w, https:\/\/www.hokej-polemika.sk\/wp-content\/uploads\/2025\/09\/7-1024x752.jpg 1024w, https:\/\/www.hokej-polemika.sk\/wp-content\/uploads\/2025\/09\/7-768x564.jpg 768w, https:\/\/www.hokej-polemika.sk\/wp-content\/uploads\/2025\/09\/7-1536x1127.jpg 1536w, https:\/\/www.hokej-polemika.sk\/wp-content\/uploads\/2025\/09\/7-2048x1503.jpg 2048w, https:\/\/www.hokej-polemika.sk\/wp-content\/uploads\/2025\/09\/7-1320x969.jpg 1320w, https:\/\/www.hokej-polemika.sk\/wp-content\/uploads\/2025\/09\/7-600x440.jpg 600w\" sizes=\"auto, (max-width: 2560px) 100vw, 2560px\" \/><\/a><figcaption class=\"wp-element-caption\">Krst knihy Polemika o slovenskom hokeji od autorov J\u00e1na Goliana a J\u00e1na Holka 16.12.2022.  Foto Jan Sukup-\u0160tartfoto<\/figcaption><\/figure>\n\n\n\n<figure class=\"wp-block-image size-full\"><a href=\"https:\/\/hokej-polemika.sk\/wp-content\/uploads\/2025\/09\/8-scaled.jpg\"><img loading=\"lazy\" decoding=\"async\" width=\"2560\" height=\"1787\" data-id=\"167\" src=\"https:\/\/hokej-polemika.sk\/wp-content\/uploads\/2025\/09\/8-scaled.jpg\" alt=\"\" class=\"wp-image-167\" srcset=\"https:\/\/www.hokej-polemika.sk\/wp-content\/uploads\/2025\/09\/8-scaled.jpg 2560w, https:\/\/www.hokej-polemika.sk\/wp-content\/uploads\/2025\/09\/8-300x209.jpg 300w, https:\/\/www.hokej-polemika.sk\/wp-content\/uploads\/2025\/09\/8-1024x715.jpg 1024w, https:\/\/www.hokej-polemika.sk\/wp-content\/uploads\/2025\/09\/8-768x536.jpg 768w, https:\/\/www.hokej-polemika.sk\/wp-content\/uploads\/2025\/09\/8-1536x1072.jpg 1536w, https:\/\/www.hokej-polemika.sk\/wp-content\/uploads\/2025\/09\/8-2048x1430.jpg 2048w, https:\/\/www.hokej-polemika.sk\/wp-content\/uploads\/2025\/09\/8-1320x921.jpg 1320w, https:\/\/www.hokej-polemika.sk\/wp-content\/uploads\/2025\/09\/8-600x419.jpg 600w\" sizes=\"auto, (max-width: 2560px) 100vw, 2560px\" \/><\/a><figcaption class=\"wp-element-caption\">Krst knihy Polemika o slovenskom hokeji od autorov J\u00e1na Goliana a J\u00e1na Holka 16.12.2022.  Foto Jan Sukup-\u0160tartfoto<\/figcaption><\/figure>\n\n\n\n<figure class=\"wp-block-image size-full\"><a href=\"https:\/\/hokej-polemika.sk\/wp-content\/uploads\/2025\/09\/9-scaled.jpg\"><img loading=\"lazy\" decoding=\"async\" width=\"2560\" height=\"1793\" data-id=\"168\" src=\"https:\/\/hokej-polemika.sk\/wp-content\/uploads\/2025\/09\/9-scaled.jpg\" alt=\"\" class=\"wp-image-168\" srcset=\"https:\/\/www.hokej-polemika.sk\/wp-content\/uploads\/2025\/09\/9-scaled.jpg 2560w, https:\/\/www.hokej-polemika.sk\/wp-content\/uploads\/2025\/09\/9-300x210.jpg 300w, https:\/\/www.hokej-polemika.sk\/wp-content\/uploads\/2025\/09\/9-1024x717.jpg 1024w, https:\/\/www.hokej-polemika.sk\/wp-content\/uploads\/2025\/09\/9-768x538.jpg 768w, https:\/\/www.hokej-polemika.sk\/wp-content\/uploads\/2025\/09\/9-1536x1076.jpg 1536w, https:\/\/www.hokej-polemika.sk\/wp-content\/uploads\/2025\/09\/9-2048x1434.jpg 2048w, https:\/\/www.hokej-polemika.sk\/wp-content\/uploads\/2025\/09\/9-1320x924.jpg 1320w, https:\/\/www.hokej-polemika.sk\/wp-content\/uploads\/2025\/09\/9-600x420.jpg 600w\" sizes=\"auto, (max-width: 2560px) 100vw, 2560px\" \/><\/a><figcaption class=\"wp-element-caption\">Krst knihy Polemika o slovenskom hokeji od autorov J\u00e1na Goliana a J\u00e1na Holka 16.12.2022.  Foto Jan Sukup-\u0160tartfoto<\/figcaption><\/figure>\n\n\n\n<figure class=\"wp-block-image size-full\"><a href=\"https:\/\/hokej-polemika.sk\/wp-content\/uploads\/2025\/09\/10-scaled.jpg\"><img loading=\"lazy\" decoding=\"async\" width=\"2560\" height=\"1744\" data-id=\"169\" src=\"https:\/\/hokej-polemika.sk\/wp-content\/uploads\/2025\/09\/10-scaled.jpg\" alt=\"\" class=\"wp-image-169\" srcset=\"https:\/\/www.hokej-polemika.sk\/wp-content\/uploads\/2025\/09\/10-scaled.jpg 2560w, https:\/\/www.hokej-polemika.sk\/wp-content\/uploads\/2025\/09\/10-300x204.jpg 300w, https:\/\/www.hokej-polemika.sk\/wp-content\/uploads\/2025\/09\/10-1024x698.jpg 1024w, https:\/\/www.hokej-polemika.sk\/wp-content\/uploads\/2025\/09\/10-768x523.jpg 768w, https:\/\/www.hokej-polemika.sk\/wp-content\/uploads\/2025\/09\/10-1536x1047.jpg 1536w, https:\/\/www.hokej-polemika.sk\/wp-content\/uploads\/2025\/09\/10-2048x1395.jpg 2048w, https:\/\/www.hokej-polemika.sk\/wp-content\/uploads\/2025\/09\/10-1320x899.jpg 1320w, https:\/\/www.hokej-polemika.sk\/wp-content\/uploads\/2025\/09\/10-600x409.jpg 600w\" sizes=\"auto, (max-width: 2560px) 100vw, 2560px\" \/><\/a><figcaption class=\"wp-element-caption\">Krst knihy Polemika o slovenskom hokeji od autorov J\u00e1na Goliana a J\u00e1na Holka 16.12.2022.  Foto Jan Sukup-\u0160tartfoto<\/figcaption><\/figure>\n\n\n\n<figure class=\"wp-block-image size-full\"><a href=\"https:\/\/hokej-polemika.sk\/wp-content\/uploads\/2025\/09\/11-scaled.jpg\"><img loading=\"lazy\" decoding=\"async\" width=\"2560\" height=\"1902\" data-id=\"170\" src=\"https:\/\/hokej-polemika.sk\/wp-content\/uploads\/2025\/09\/11-scaled.jpg\" alt=\"\" class=\"wp-image-170\" srcset=\"https:\/\/www.hokej-polemika.sk\/wp-content\/uploads\/2025\/09\/11-scaled.jpg 2560w, https:\/\/www.hokej-polemika.sk\/wp-content\/uploads\/2025\/09\/11-300x223.jpg 300w, https:\/\/www.hokej-polemika.sk\/wp-content\/uploads\/2025\/09\/11-1024x761.jpg 1024w, https:\/\/www.hokej-polemika.sk\/wp-content\/uploads\/2025\/09\/11-768x571.jpg 768w, https:\/\/www.hokej-polemika.sk\/wp-content\/uploads\/2025\/09\/11-1536x1141.jpg 1536w, https:\/\/www.hokej-polemika.sk\/wp-content\/uploads\/2025\/09\/11-2048x1522.jpg 2048w, https:\/\/www.hokej-polemika.sk\/wp-content\/uploads\/2025\/09\/11-1320x981.jpg 1320w, https:\/\/www.hokej-polemika.sk\/wp-content\/uploads\/2025\/09\/11-600x446.jpg 600w\" sizes=\"auto, (max-width: 2560px) 100vw, 2560px\" \/><\/a><figcaption class=\"wp-element-caption\">Krst knihy Polemika o slovenskom hokeji od autorov J\u00e1na Goliana a J\u00e1na Holka 16.12.2022.  Foto Jan Sukup-\u0160tartfoto<\/figcaption><\/figure>\n\n\n\n<figure class=\"wp-block-image size-full\"><a href=\"https:\/\/hokej-polemika.sk\/wp-content\/uploads\/2025\/09\/12-scaled.jpg\"><img loading=\"lazy\" decoding=\"async\" width=\"2560\" height=\"1850\" data-id=\"171\" src=\"https:\/\/hokej-polemika.sk\/wp-content\/uploads\/2025\/09\/12-scaled.jpg\" alt=\"\" class=\"wp-image-171\" srcset=\"https:\/\/www.hokej-polemika.sk\/wp-content\/uploads\/2025\/09\/12-scaled.jpg 2560w, https:\/\/www.hokej-polemika.sk\/wp-content\/uploads\/2025\/09\/12-300x217.jpg 300w, https:\/\/www.hokej-polemika.sk\/wp-content\/uploads\/2025\/09\/12-1024x740.jpg 1024w, https:\/\/www.hokej-polemika.sk\/wp-content\/uploads\/2025\/09\/12-768x555.jpg 768w, https:\/\/www.hokej-polemika.sk\/wp-content\/uploads\/2025\/09\/12-1536x1110.jpg 1536w, https:\/\/www.hokej-polemika.sk\/wp-content\/uploads\/2025\/09\/12-2048x1480.jpg 2048w, https:\/\/www.hokej-polemika.sk\/wp-content\/uploads\/2025\/09\/12-1320x954.jpg 1320w, https:\/\/www.hokej-polemika.sk\/wp-content\/uploads\/2025\/09\/12-600x434.jpg 600w\" sizes=\"auto, (max-width: 2560px) 100vw, 2560px\" \/><\/a><figcaption class=\"wp-element-caption\">Krst knihy Polemika o slovenskom hokeji od autorov J\u00e1na Goliana a J\u00e1na Holka 16.12.2022.  Foto Jan Sukup-\u0160tartfoto<\/figcaption><\/figure>\n<\/figure>\n\n\n\n<hr class=\"wp-block-separator has-alpha-channel-opacity is-style-wide is-style-wide--2\" style=\"margin-top:var(--wp--preset--spacing--30);margin-bottom:var(--wp--preset--spacing--30)\"\/>\n\n\n\n<figure class=\"wp-block-image aligncenter size-full\"><a href=\"https:\/\/hokej-polemika.sk\/wp-content\/uploads\/2025\/09\/13.jpg\"><img loading=\"lazy\" decoding=\"async\" width=\"600\" height=\"800\" src=\"https:\/\/hokej-polemika.sk\/wp-content\/uploads\/2025\/09\/13.jpg\" alt=\"Jarom\u00edr J\u00e1gr s Polemikou o slovenskom hokeji d\u0148a 18.12.2022 v Kladne\" class=\"wp-image-172\" srcset=\"https:\/\/www.hokej-polemika.sk\/wp-content\/uploads\/2025\/09\/13.jpg 600w, https:\/\/www.hokej-polemika.sk\/wp-content\/uploads\/2025\/09\/13-225x300.jpg 225w\" sizes=\"auto, (max-width: 600px) 100vw, 600px\" \/><\/a><\/figure>\n","protected":false},"excerpt":{"rendered":"<p>Fotogal\u00e9ria z krstu knihy d\u0148a 16.12.2022 v Slovenskom olympijskom a \u0161portovom m\u00fazeu<\/p>\n","protected":false},"author":1,"featured_media":0,"parent":0,"menu_order":0,"comment_status":"closed","ping_status":"closed","template":"page-no-title","meta":{"_monsterinsights_skip_tracking":false,"_monsterinsights_sitenote_active":false,"_monsterinsights_sitenote_note":"","_monsterinsights_sitenote_category":0,"footnotes":""},"class_list":["post-162","page","type-page","status-publish","hentry"],"yoast_head":"<!-- This site is optimized with the Yoast SEO plugin v26.7 - https:\/\/yoast.com\/wordpress\/plugins\/seo\/ -->\n<title>Foto - Polemika o slovenskom hokeji<\/title>\n<meta name=\"robots\" content=\"index, follow, max-snippet:-1, max-image-preview:large, max-video-preview:-1\" \/>\n<link rel=\"canonical\" href=\"https:\/\/www.hokej-polemika.sk\/?page_id=162\" \/>\n<meta property=\"og:locale\" content=\"sk_SK\" \/>\n<meta property=\"og:type\" content=\"article\" \/>\n<meta property=\"og:title\" content=\"Foto - Polemika o slovenskom hokeji\" \/>\n<meta property=\"og:description\" content=\"Fotogal\u00e9ria z krstu knihy d\u0148a 16.12.2022 v Slovenskom olympijskom a \u0161portovom m\u00fazeu\" \/>\n<meta property=\"og:url\" content=\"https:\/\/www.hokej-polemika.sk\/?page_id=162\" \/>\n<meta property=\"og:site_name\" content=\"Polemika o slovenskom hokeji\" \/>\n<meta property=\"article:modified_time\" content=\"2025-09-05T07:36:25+00:00\" \/>\n<meta property=\"og:image\" content=\"https:\/\/hokej-polemika.sk\/wp-content\/uploads\/2023\/05\/hrubyLazoGolian-scaled.jpg\" \/>\n<meta name=\"twitter:card\" content=\"summary_large_image\" \/>\n<meta name=\"twitter:label1\" content=\"Predpokladan\u00fd \u010das \u010d\u00edtania\" \/>\n\t<meta name=\"twitter:data1\" content=\"1 min\u00fata\" \/>\n<script type=\"application\/ld+json\" class=\"yoast-schema-graph\">{\"@context\":\"https:\/\/schema.org\",\"@graph\":[{\"@type\":\"WebPage\",\"@id\":\"https:\/\/www.hokej-polemika.sk\/?page_id=162\",\"url\":\"https:\/\/www.hokej-polemika.sk\/?page_id=162\",\"name\":\"Foto - Polemika o slovenskom hokeji\",\"isPartOf\":{\"@id\":\"https:\/\/www.hokej-polemika.sk\/#website\"},\"primaryImageOfPage\":{\"@id\":\"https:\/\/www.hokej-polemika.sk\/?page_id=162#primaryimage\"},\"image\":{\"@id\":\"https:\/\/www.hokej-polemika.sk\/?page_id=162#primaryimage\"},\"thumbnailUrl\":\"https:\/\/hokej-polemika.sk\/wp-content\/uploads\/2023\/05\/hrubyLazoGolian-scaled.jpg\",\"datePublished\":\"2025-09-04T08:18:55+00:00\",\"dateModified\":\"2025-09-05T07:36:25+00:00\",\"breadcrumb\":{\"@id\":\"https:\/\/www.hokej-polemika.sk\/?page_id=162#breadcrumb\"},\"inLanguage\":\"sk-SK\",\"potentialAction\":[{\"@type\":\"ReadAction\",\"target\":[\"https:\/\/www.hokej-polemika.sk\/?page_id=162\"]}]},{\"@type\":\"ImageObject\",\"inLanguage\":\"sk-SK\",\"@id\":\"https:\/\/www.hokej-polemika.sk\/?page_id=162#primaryimage\",\"url\":\"https:\/\/hokej-polemika.sk\/wp-content\/uploads\/2023\/05\/hrubyLazoGolian-scaled.jpg\",\"contentUrl\":\"https:\/\/hokej-polemika.sk\/wp-content\/uploads\/2023\/05\/hrubyLazoGolian-scaled.jpg\"},{\"@type\":\"BreadcrumbList\",\"@id\":\"https:\/\/www.hokej-polemika.sk\/?page_id=162#breadcrumb\",\"itemListElement\":[{\"@type\":\"ListItem\",\"position\":1,\"name\":\"Home\",\"item\":\"https:\/\/www.hokej-polemika.sk\/\"},{\"@type\":\"ListItem\",\"position\":2,\"name\":\"Foto\"}]},{\"@type\":\"WebSite\",\"@id\":\"https:\/\/www.hokej-polemika.sk\/#website\",\"url\":\"https:\/\/www.hokej-polemika.sk\/\",\"name\":\"Polemika o slovenskom hokeji\",\"description\":\"\",\"publisher\":{\"@id\":\"https:\/\/www.hokej-polemika.sk\/#organization\"},\"potentialAction\":[{\"@type\":\"SearchAction\",\"target\":{\"@type\":\"EntryPoint\",\"urlTemplate\":\"https:\/\/www.hokej-polemika.sk\/?s={search_term_string}\"},\"query-input\":{\"@type\":\"PropertyValueSpecification\",\"valueRequired\":true,\"valueName\":\"search_term_string\"}}],\"inLanguage\":\"sk-SK\"},{\"@type\":\"Organization\",\"@id\":\"https:\/\/www.hokej-polemika.sk\/#organization\",\"name\":\"Polemika o slovenskom hokeji\",\"url\":\"https:\/\/www.hokej-polemika.sk\/\",\"logo\":{\"@type\":\"ImageObject\",\"inLanguage\":\"sk-SK\",\"@id\":\"https:\/\/www.hokej-polemika.sk\/#\/schema\/logo\/image\/\",\"url\":\"https:\/\/www.hokej-polemika.sk\/wp-content\/uploads\/2023\/05\/logo.png\",\"contentUrl\":\"https:\/\/www.hokej-polemika.sk\/wp-content\/uploads\/2023\/05\/logo.png\",\"width\":3840,\"height\":2160,\"caption\":\"Polemika o slovenskom hokeji\"},\"image\":{\"@id\":\"https:\/\/www.hokej-polemika.sk\/#\/schema\/logo\/image\/\"}}]}<\/script>\n<!-- \/ Yoast SEO plugin. -->","yoast_head_json":{"title":"Foto - Polemika o slovenskom hokeji","robots":{"index":"index","follow":"follow","max-snippet":"max-snippet:-1","max-image-preview":"max-image-preview:large","max-video-preview":"max-video-preview:-1"},"canonical":"https:\/\/www.hokej-polemika.sk\/?page_id=162","og_locale":"sk_SK","og_type":"article","og_title":"Foto - Polemika o slovenskom hokeji","og_description":"Fotogal\u00e9ria z krstu knihy d\u0148a 16.12.2022 v Slovenskom olympijskom a \u0161portovom m\u00fazeu","og_url":"https:\/\/www.hokej-polemika.sk\/?page_id=162","og_site_name":"Polemika o slovenskom hokeji","article_modified_time":"2025-09-05T07:36:25+00:00","og_image":[{"url":"https:\/\/hokej-polemika.sk\/wp-content\/uploads\/2023\/05\/hrubyLazoGolian-scaled.jpg","type":"","width":"","height":""}],"twitter_card":"summary_large_image","twitter_misc":{"Predpokladan\u00fd \u010das \u010d\u00edtania":"1 min\u00fata"},"schema":{"@context":"https:\/\/schema.org","@graph":[{"@type":"WebPage","@id":"https:\/\/www.hokej-polemika.sk\/?page_id=162","url":"https:\/\/www.hokej-polemika.sk\/?page_id=162","name":"Foto - Polemika o slovenskom hokeji","isPartOf":{"@id":"https:\/\/www.hokej-polemika.sk\/#website"},"primaryImageOfPage":{"@id":"https:\/\/www.hokej-polemika.sk\/?page_id=162#primaryimage"},"image":{"@id":"https:\/\/www.hokej-polemika.sk\/?page_id=162#primaryimage"},"thumbnailUrl":"https:\/\/hokej-polemika.sk\/wp-content\/uploads\/2023\/05\/hrubyLazoGolian-scaled.jpg","datePublished":"2025-09-04T08:18:55+00:00","dateModified":"2025-09-05T07:36:25+00:00","breadcrumb":{"@id":"https:\/\/www.hokej-polemika.sk\/?page_id=162#breadcrumb"},"inLanguage":"sk-SK","potentialAction":[{"@type":"ReadAction","target":["https:\/\/www.hokej-polemika.sk\/?page_id=162"]}]},{"@type":"ImageObject","inLanguage":"sk-SK","@id":"https:\/\/www.hokej-polemika.sk\/?page_id=162#primaryimage","url":"https:\/\/hokej-polemika.sk\/wp-content\/uploads\/2023\/05\/hrubyLazoGolian-scaled.jpg","contentUrl":"https:\/\/hokej-polemika.sk\/wp-content\/uploads\/2023\/05\/hrubyLazoGolian-scaled.jpg"},{"@type":"BreadcrumbList","@id":"https:\/\/www.hokej-polemika.sk\/?page_id=162#breadcrumb","itemListElement":[{"@type":"ListItem","position":1,"name":"Home","item":"https:\/\/www.hokej-polemika.sk\/"},{"@type":"ListItem","position":2,"name":"Foto"}]},{"@type":"WebSite","@id":"https:\/\/www.hokej-polemika.sk\/#website","url":"https:\/\/www.hokej-polemika.sk\/","name":"Polemika o slovenskom hokeji","description":"","publisher":{"@id":"https:\/\/www.hokej-polemika.sk\/#organization"},"potentialAction":[{"@type":"SearchAction","target":{"@type":"EntryPoint","urlTemplate":"https:\/\/www.hokej-polemika.sk\/?s={search_term_string}"},"query-input":{"@type":"PropertyValueSpecification","valueRequired":true,"valueName":"search_term_string"}}],"inLanguage":"sk-SK"},{"@type":"Organization","@id":"https:\/\/www.hokej-polemika.sk\/#organization","name":"Polemika o slovenskom hokeji","url":"https:\/\/www.hokej-polemika.sk\/","logo":{"@type":"ImageObject","inLanguage":"sk-SK","@id":"https:\/\/www.hokej-polemika.sk\/#\/schema\/logo\/image\/","url":"https:\/\/www.hokej-polemika.sk\/wp-content\/uploads\/2023\/05\/logo.png","contentUrl":"https:\/\/www.hokej-polemika.sk\/wp-content\/uploads\/2023\/05\/logo.png","width":3840,"height":2160,"caption":"Polemika o slovenskom hokeji"},"image":{"@id":"https:\/\/www.hokej-polemika.sk\/#\/schema\/logo\/image\/"}}]}},"jetpack_sharing_enabled":true,"_links":{"self":[{"href":"https:\/\/www.hokej-polemika.sk\/index.php?rest_route=\/wp\/v2\/pages\/162","targetHints":{"allow":["GET"]}}],"collection":[{"href":"https:\/\/www.hokej-polemika.sk\/index.php?rest_route=\/wp\/v2\/pages"}],"about":[{"href":"https:\/\/www.hokej-polemika.sk\/index.php?rest_route=\/wp\/v2\/types\/page"}],"author":[{"embeddable":true,"href":"https:\/\/www.hokej-polemika.sk\/index.php?rest_route=\/wp\/v2\/users\/1"}],"replies":[{"embeddable":true,"href":"https:\/\/www.hokej-polemika.sk\/index.php?rest_route=%2Fwp%2Fv2%2Fcomments&post=162"}],"version-history":[{"count":6,"href":"https:\/\/www.hokej-polemika.sk\/index.php?rest_route=\/wp\/v2\/pages\/162\/revisions"}],"predecessor-version":[{"id":182,"href":"https:\/\/www.hokej-polemika.sk\/index.php?rest_route=\/wp\/v2\/pages\/162\/revisions\/182"}],"wp:attachment":[{"href":"https:\/\/www.hokej-polemika.sk\/index.php?rest_route=%2Fwp%2Fv2%2Fmedia&parent=162"}],"curies":[{"name":"wp","href":"https:\/\/api.w.org\/{rel}","templated":true}]}}