{"id":215,"date":"2025-09-10T12:33:24","date_gmt":"2025-09-10T10:33:24","guid":{"rendered":"https:\/\/d.r4.wbsprt.com\/test-hokej-polemika.sk\/?post_type=product&#038;p=215"},"modified":"2025-10-24T12:09:06","modified_gmt":"2025-10-24T10:09:06","slug":"pozoruhodny-pribeh-detvianskeho-futbalu-a-hokeja","status":"publish","type":"product","link":"https:\/\/www.hokej-polemika.sk\/?product=pozoruhodny-pribeh-detvianskeho-futbalu-a-hokeja","title":{"rendered":"Pozoruhodn\u00fd pr\u00edbeh detvianskeho futbalu a hokeja"},"content":{"rendered":"<div id=\"model-response-message-contentr_bb7bf419ad1b5804\" class=\"markdown markdown-main-panel enable-updated-hr-color\" dir=\"ltr\">\n<div class=\"paragraph normal ng-star-inserted\" data-start-index=\"0\"><span class=\"ng-star-inserted\" data-start-index=\"0\">Kniha &#8222;Pozoruhodn\u00fd pr\u00edbeh detvianskeho futbalu a hokeja&#8220; rozpr\u00e1va dejiny Detvy, ktor\u00e1 sa z tradi\u010dnej dediny premenila na priemyseln\u00e9 mesto uprostred turbulentn\u00e9ho storo\u010dia<\/span><span class=\"ng-star-inserted\" data-start-index=\"175\">. T\u00e1to kniha, ktor\u00e1 je v\u00fdsledkom n\u00e1ro\u010dnej a dlhotrvaj\u00facej pr\u00e1ce, v\u00e1m pon\u00faka\u00a0<\/span><b class=\"ng-star-inserted\" data-start-index=\"251\">komplexn\u00fd poh\u013ead na dve najpopul\u00e1rnej\u0161ie \u0161portov\u00e9 odvetvia<\/b><span class=\"ng-star-inserted\" data-start-index=\"309\"> \u2013 futbal a \u013eadov\u00fd hokej \u2013 v rokoch 1925 a\u017e 1990<\/span><span class=\"ng-star-inserted\" data-start-index=\"357\">!<\/span><\/div>\n<div class=\"paragraph normal ng-star-inserted\" data-start-index=\"358\"><span class=\"ng-star-inserted\" data-start-index=\"358\">Zabudnite na povrchn\u00e9 monografie; toto je ne\u0161tandardn\u00e1 publik\u00e1cia<\/span><span class=\"ng-star-inserted\" data-start-index=\"423\">, ktorej autori boli\u00a0<\/span><b class=\"ng-star-inserted\" data-start-index=\"444\">priamymi a autentick\u00fdmi \u00fa\u010dastn\u00edkmi popisovanej minulosti<\/b><span class=\"ng-star-inserted\" data-start-index=\"500\">. Odha\u013ete, ako sa \u0161port v Detve naozaj za\u010dal rozv\u00edja\u0165 a zistite, \u017ee futbal vznikol u\u017e v roku 1925, \u010do vyvracia nespr\u00e1vne, dlho tradovan\u00e9 inform\u00e1cie<\/span><span class=\"ng-star-inserted\" data-start-index=\"638\">. Zistite, ak\u00e9 boli prv\u00e9 \u0165a\u017ek\u00e9 kroky \u013eadov\u00e9ho hokeja, ktor\u00fd bol zalo\u017een\u00fd v roku 1954<\/span><span class=\"ng-star-inserted\" data-start-index=\"722\">.<\/span><\/div>\n<div class=\"paragraph normal ng-star-inserted\" data-start-index=\"723\"><span class=\"ng-star-inserted\" data-start-index=\"723\">Kniha sa neobmedzuje len na dosiahnut\u00e9 v\u00fdsledky:<\/span><\/div>\n<div class=\"paragraph normal ng-star-inserted\" data-start-index=\"771\"><span class=\"ng-star-inserted\">\u2022\u00a0<\/span><span class=\"ng-star-inserted\" data-start-index=\"771\">Pre\u010d\u00edtate si o\u00a0<\/span><b class=\"ng-star-inserted\" data-start-index=\"786\">zlat\u00fdch \u010dasoch<\/b><span class=\"ng-star-inserted\" data-start-index=\"800\"> detvianskeho \u0161portu<\/span><span class=\"ng-star-inserted\" data-start-index=\"820\">.<\/span><\/div>\n<div class=\"paragraph normal ng-star-inserted\" data-start-index=\"821\"><span class=\"ng-star-inserted\">\u2022\u00a0<\/span><span class=\"ng-star-inserted\" data-start-index=\"821\">Odhal\u00edte, <\/span><b class=\"ng-star-inserted\" data-start-index=\"830\">ak\u00e9 tajomstv\u00e1 a intrigy sa odohr\u00e1vali za kulisami<\/b><span class=\"ng-star-inserted\" data-start-index=\"879\"> \u2013 kniha pod\u00e1va autentick\u00e9 inform\u00e1cie, <\/span><b class=\"ng-star-inserted\" data-start-index=\"919\">o ktor\u00fdch sa len \u0161u\u0161kalo<\/b><span class=\"ng-star-inserted\" data-start-index=\"951\">.<\/span><\/div>\n<div class=\"paragraph normal ng-star-inserted\" data-start-index=\"952\"><span class=\"ng-star-inserted\">\u2022\u00a0<\/span><span class=\"ng-star-inserted\" data-start-index=\"952\">Dozviete sa o dlhom a komplikovanom procese v\u00fdstavby \u0161portov\u00fdch objektov, vr\u00e1tane futbalov\u00e9ho \u0161tadi\u00f3na a zimn\u00e9ho \u0161tadi\u00f3na, ktor\u00e9 vznikali doslova na \u201ezelenej l\u00fake\u201c<\/span><span class=\"ng-star-inserted\" data-start-index=\"1115\">.<\/span><\/div>\n<div class=\"paragraph normal ng-star-inserted\" data-start-index=\"1116\"><span class=\"ng-star-inserted\">\u2022\u00a0<\/span><span class=\"ng-star-inserted\" data-start-index=\"1116\">Spozn\u00e1te osudy a kari\u00e9ry najlep\u0161\u00edch hr\u00e1\u010dov, vplyvn\u00fdch funkcion\u00e1rov a obetav\u00fdch tr\u00e9nerov<\/span><span class=\"ng-star-inserted\" data-start-index=\"1204\">, ktor\u00ed sa zasl\u00fa\u017eili o rozvoj futbalu a hokeja<\/span><span class=\"ng-star-inserted\" data-start-index=\"1250\">.<\/span><\/div>\n<div class=\"paragraph normal ng-star-inserted\" data-start-index=\"1251\"><span class=\"ng-star-inserted\" data-start-index=\"1251\">Objav\u00edte pr\u00edbehy hrdinov, ktor\u00ed budovali systematick\u00fa v\u00fdchovu mlad\u00fdch \u0161portovcov \u2013 a pre\u010do tento syst\u00e9m v niektor\u00fdch obdobiach zlyhal v prospech n\u00e1kupu hotov\u00fdch hr\u00e1\u010dov<\/span><span class=\"ng-star-inserted\" data-start-index=\"1417\">, ale aj to, ako sa hokejistom podarilo vybudova\u0165 jeden z naj\u00faspe\u0161nej\u0161\u00edch syst\u00e9mov v\u00fdchovy ml\u00e1de\u017ee v regi\u00f3ne, lemovan\u00fd postupmi dorasteneck\u00fdch t\u00edmov do najvy\u0161\u0161ej ligy<\/span><span class=\"ng-star-inserted\" data-start-index=\"1583\">.<\/span><\/div>\n<div class=\"paragraph normal ng-star-inserted\" data-start-index=\"1584\"><span class=\"ng-star-inserted\" data-start-index=\"1584\">T\u00e1to publik\u00e1cia je\u00a0<\/span><b class=\"ng-star-inserted\" data-start-index=\"1603\">pam\u00e4tn\u00fd, pou\u010dn\u00fd a pozoruhodn\u00fd pr\u00edbeh<\/b><span class=\"ng-star-inserted\" data-start-index=\"1639\">, ktor\u00fd je z\u00e1rove\u0148 in\u0161pir\u00e1ciou pre bud\u00face gener\u00e1cie a\u00a0<\/span><b class=\"ng-star-inserted\" data-start-index=\"1693\">splaten\u00edm dlhu vo\u010di \u013eu\u010fom, ktor\u00ed polo\u017eili z\u00e1klady<\/b><span class=\"ng-star-inserted\" data-start-index=\"1742\"> detvianskeho \u0161portu<\/span><span class=\"ng-star-inserted\" data-start-index=\"1762\">.<\/span><\/div>\n<div data-start-index=\"1584\">Rozpr\u00e1vanie je sprev\u00e1dzan\u00e9 a dokumentovan\u00e9 mno\u017estvom dobov\u00fdch fotografi\u00ed, na ktor\u00fdch si takmer ka\u017ed\u00fd detvanec n\u00e1jde niekoho z bli\u017e\u0161ej, \u010di vzdialenej\u0161ej rodiny.<\/div>\n<\/div>\n","protected":false},"excerpt":{"rendered":"<p>T\u00e1to kniha v\u00e1m pon\u00faka <b>netradi\u010dn\u00fd poh\u013ead<\/b> na \u017eivot v Detve. Zameriava sa na obdobie rokov <b>1925 a\u017e 1990<\/b> a odha\u013euje, ako sa popri \u013eudov\u00fdch trad\u00edci\u00e1ch a priemyselnom rozvoji dynamicky vyv\u00edjal aj <b>\u0161port, konkr\u00e9tne futbal a \u013eadov\u00fd hokej.\u00a0<\/b>Dozviete sa viac o \u013eu\u010foch, ktor\u00ed st\u00e1li pri zrode detvianskeho \u0161portu a budovali ho doslova na &#8222;zelenej l\u00fake&#8220;. Kniha sa opiera o <b>svedectv\u00e1, dobov\u00e9 fotografie a zachovan\u00e9 p\u00edsomnosti<\/b>, ktor\u00e9 pon\u00fakaj\u00fa <b>autentick\u00fd a komplexn\u00fd poh\u013ead<\/b> na historick\u00e9 udalosti aj s ich \u0161ir\u0161\u00edmi s\u00favislos\u0165ami.<\/p>\n<p>Objavte pr\u00edbehy, ktor\u00e9 neboli nikde publikovan\u00e9, a spoznajte priekopn\u00edkov, ktor\u00fdch men\u00e1 sa, bohu\u017eia\u013e, z kron\u00edk Detvy vytratili. T\u00e1to publik\u00e1cia nie je len spomienkou na minulos\u0165, ale aj <b>in\u0161pir\u00e1ciou pre bud\u00face gener\u00e1cie<\/b> detvianskych \u0161portovcov a funkcion\u00e1rov.\u00a0Ak v\u00e1s zauj\u00edmaj\u00fa pr\u00edbehy o \u0161porte, hist\u00f3rii a odhodlan\u00ed, toto je kniha pre v\u00e1s.<\/p>\n","protected":false},"featured_media":230,"template":"","meta":{"_monsterinsights_skip_tracking":false,"_monsterinsights_sitenote_active":false,"_monsterinsights_sitenote_note":"","_monsterinsights_sitenote_category":0},"product_brand":[],"product_cat":[22],"product_tag":[39,42,40,45,46,43,41,47,44],"class_list":{"0":"post-215","1":"product","2":"type-product","3":"status-publish","4":"has-post-thumbnail","6":"product_cat-nezaradene","7":"product_tag-futbal-detva","8":"product_tag-historia-detva","9":"product_tag-hokej-detva","10":"product_tag-jozef-hanuska","11":"product_tag-julius-kondrlik","12":"product_tag-kupalisko-strand","13":"product_tag-sport-detva","14":"product_tag-stefan-vagac","15":"product_tag-treneri-detva","17":"first","18":"instock","19":"purchasable","20":"product-type-simple"},"yoast_head":"<!-- This site is optimized with the Yoast SEO plugin v26.7 - https:\/\/yoast.com\/wordpress\/plugins\/seo\/ -->\n<title>Pozoruhodn\u00fd pr\u00edbeh detvianskeho futbalu a hokeja - Polemika o slovenskom hokeji<\/title>\n<meta name=\"robots\" content=\"index, follow, max-snippet:-1, max-image-preview:large, max-video-preview:-1\" \/>\n<link rel=\"canonical\" href=\"https:\/\/www.hokej-polemika.sk\/?product=pozoruhodny-pribeh-detvianskeho-futbalu-a-hokeja\" \/>\n<meta property=\"og:locale\" content=\"sk_SK\" \/>\n<meta property=\"og:type\" content=\"article\" \/>\n<meta property=\"og:title\" content=\"Pozoruhodn\u00fd pr\u00edbeh detvianskeho futbalu a hokeja - Polemika o slovenskom hokeji\" \/>\n<meta property=\"og:description\" content=\"T\u00e1to kniha v\u00e1m pon\u00faka netradi\u010dn\u00fd poh\u013ead na \u017eivot v Detve. Zameriava sa na obdobie rokov 1925 a\u017e 1990 a odha\u013euje, ako sa popri \u013eudov\u00fdch trad\u00edci\u00e1ch a priemyselnom rozvoji dynamicky vyv\u00edjal aj \u0161port, konkr\u00e9tne futbal a \u013eadov\u00fd hokej.\u00a0Dozviete sa viac o \u013eu\u010foch, ktor\u00ed st\u00e1li pri zrode detvianskeho \u0161portu a budovali ho doslova na &quot;zelenej l\u00fake&quot;. Kniha sa opiera o svedectv\u00e1, dobov\u00e9 fotografie a zachovan\u00e9 p\u00edsomnosti, ktor\u00e9 pon\u00fakaj\u00fa autentick\u00fd a komplexn\u00fd poh\u013ead na historick\u00e9 udalosti aj s ich \u0161ir\u0161\u00edmi s\u00favislos\u0165ami.  Objavte pr\u00edbehy, ktor\u00e9 neboli nikde publikovan\u00e9, a spoznajte priekopn\u00edkov, ktor\u00fdch men\u00e1 sa, bohu\u017eia\u013e, z kron\u00edk Detvy vytratili. T\u00e1to publik\u00e1cia nie je len spomienkou na minulos\u0165, ale aj in\u0161pir\u00e1ciou pre bud\u00face gener\u00e1cie detvianskych \u0161portovcov a funkcion\u00e1rov.\u00a0Ak v\u00e1s zauj\u00edmaj\u00fa pr\u00edbehy o \u0161porte, hist\u00f3rii a odhodlan\u00ed, toto je kniha pre v\u00e1s.\" \/>\n<meta property=\"og:url\" content=\"https:\/\/www.hokej-polemika.sk\/?product=pozoruhodny-pribeh-detvianskeho-futbalu-a-hokeja\" \/>\n<meta property=\"og:site_name\" content=\"Polemika o slovenskom hokeji\" \/>\n<meta property=\"article:modified_time\" content=\"2025-10-24T10:09:06+00:00\" \/>\n<meta property=\"og:image\" content=\"https:\/\/www.hokej-polemika.sk\/wp-content\/uploads\/2025\/10\/detvaSport3.png\" \/>\n\t<meta property=\"og:image:width\" content=\"1024\" \/>\n\t<meta property=\"og:image:height\" content=\"1024\" \/>\n\t<meta property=\"og:image:type\" content=\"image\/png\" \/>\n<meta name=\"twitter:card\" content=\"summary_large_image\" \/>\n<meta name=\"twitter:label1\" content=\"Predpokladan\u00fd \u010das \u010d\u00edtania\" \/>\n\t<meta name=\"twitter:data1\" content=\"2 min\u00faty\" \/>\n<script type=\"application\/ld+json\" class=\"yoast-schema-graph\">{\"@context\":\"https:\/\/schema.org\",\"@graph\":[{\"@type\":\"WebPage\",\"@id\":\"https:\/\/www.hokej-polemika.sk\/?product=pozoruhodny-pribeh-detvianskeho-futbalu-a-hokeja\",\"url\":\"https:\/\/www.hokej-polemika.sk\/?product=pozoruhodny-pribeh-detvianskeho-futbalu-a-hokeja\",\"name\":\"Pozoruhodn\u00fd pr\u00edbeh detvianskeho futbalu a hokeja - Polemika o slovenskom hokeji\",\"isPartOf\":{\"@id\":\"https:\/\/www.hokej-polemika.sk\/#website\"},\"primaryImageOfPage\":{\"@id\":\"https:\/\/www.hokej-polemika.sk\/?product=pozoruhodny-pribeh-detvianskeho-futbalu-a-hokeja#primaryimage\"},\"image\":{\"@id\":\"https:\/\/www.hokej-polemika.sk\/?product=pozoruhodny-pribeh-detvianskeho-futbalu-a-hokeja#primaryimage\"},\"thumbnailUrl\":\"https:\/\/www.hokej-polemika.sk\/wp-content\/uploads\/2025\/10\/detvaSport3.png\",\"datePublished\":\"2025-09-10T10:33:24+00:00\",\"dateModified\":\"2025-10-24T10:09:06+00:00\",\"breadcrumb\":{\"@id\":\"https:\/\/www.hokej-polemika.sk\/?product=pozoruhodny-pribeh-detvianskeho-futbalu-a-hokeja#breadcrumb\"},\"inLanguage\":\"sk-SK\",\"potentialAction\":[{\"@type\":\"ReadAction\",\"target\":[\"https:\/\/www.hokej-polemika.sk\/?product=pozoruhodny-pribeh-detvianskeho-futbalu-a-hokeja\"]}]},{\"@type\":\"ImageObject\",\"inLanguage\":\"sk-SK\",\"@id\":\"https:\/\/www.hokej-polemika.sk\/?product=pozoruhodny-pribeh-detvianskeho-futbalu-a-hokeja#primaryimage\",\"url\":\"https:\/\/www.hokej-polemika.sk\/wp-content\/uploads\/2025\/10\/detvaSport3.png\",\"contentUrl\":\"https:\/\/www.hokej-polemika.sk\/wp-content\/uploads\/2025\/10\/detvaSport3.png\",\"width\":1024,\"height\":1024},{\"@type\":\"BreadcrumbList\",\"@id\":\"https:\/\/www.hokej-polemika.sk\/?product=pozoruhodny-pribeh-detvianskeho-futbalu-a-hokeja#breadcrumb\",\"itemListElement\":[{\"@type\":\"ListItem\",\"position\":1,\"name\":\"Home\",\"item\":\"https:\/\/www.hokej-polemika.sk\/\"},{\"@type\":\"ListItem\",\"position\":2,\"name\":\"Obchod\",\"item\":\"https:\/\/www.hokej-polemika.sk\/?page_id=56\"},{\"@type\":\"ListItem\",\"position\":3,\"name\":\"Pozoruhodn\u00fd pr\u00edbeh detvianskeho futbalu a hokeja\"}]},{\"@type\":\"WebSite\",\"@id\":\"https:\/\/www.hokej-polemika.sk\/#website\",\"url\":\"https:\/\/www.hokej-polemika.sk\/\",\"name\":\"Polemika o slovenskom hokeji\",\"description\":\"\",\"publisher\":{\"@id\":\"https:\/\/www.hokej-polemika.sk\/#organization\"},\"potentialAction\":[{\"@type\":\"SearchAction\",\"target\":{\"@type\":\"EntryPoint\",\"urlTemplate\":\"https:\/\/www.hokej-polemika.sk\/?s={search_term_string}\"},\"query-input\":{\"@type\":\"PropertyValueSpecification\",\"valueRequired\":true,\"valueName\":\"search_term_string\"}}],\"inLanguage\":\"sk-SK\"},{\"@type\":\"Organization\",\"@id\":\"https:\/\/www.hokej-polemika.sk\/#organization\",\"name\":\"Polemika o slovenskom hokeji\",\"url\":\"https:\/\/www.hokej-polemika.sk\/\",\"logo\":{\"@type\":\"ImageObject\",\"inLanguage\":\"sk-SK\",\"@id\":\"https:\/\/www.hokej-polemika.sk\/#\/schema\/logo\/image\/\",\"url\":\"https:\/\/www.hokej-polemika.sk\/wp-content\/uploads\/2023\/05\/logo.png\",\"contentUrl\":\"https:\/\/www.hokej-polemika.sk\/wp-content\/uploads\/2023\/05\/logo.png\",\"width\":3840,\"height\":2160,\"caption\":\"Polemika o slovenskom hokeji\"},\"image\":{\"@id\":\"https:\/\/www.hokej-polemika.sk\/#\/schema\/logo\/image\/\"}}]}<\/script>\n<!-- \/ Yoast SEO plugin. -->","yoast_head_json":{"title":"Pozoruhodn\u00fd pr\u00edbeh detvianskeho futbalu a hokeja - Polemika o slovenskom hokeji","robots":{"index":"index","follow":"follow","max-snippet":"max-snippet:-1","max-image-preview":"max-image-preview:large","max-video-preview":"max-video-preview:-1"},"canonical":"https:\/\/www.hokej-polemika.sk\/?product=pozoruhodny-pribeh-detvianskeho-futbalu-a-hokeja","og_locale":"sk_SK","og_type":"article","og_title":"Pozoruhodn\u00fd pr\u00edbeh detvianskeho futbalu a hokeja - Polemika o slovenskom hokeji","og_description":"T\u00e1to kniha v\u00e1m pon\u00faka netradi\u010dn\u00fd poh\u013ead na \u017eivot v Detve. Zameriava sa na obdobie rokov 1925 a\u017e 1990 a odha\u013euje, ako sa popri \u013eudov\u00fdch trad\u00edci\u00e1ch a priemyselnom rozvoji dynamicky vyv\u00edjal aj \u0161port, konkr\u00e9tne futbal a \u013eadov\u00fd hokej.\u00a0Dozviete sa viac o \u013eu\u010foch, ktor\u00ed st\u00e1li pri zrode detvianskeho \u0161portu a budovali ho doslova na \"zelenej l\u00fake\". Kniha sa opiera o svedectv\u00e1, dobov\u00e9 fotografie a zachovan\u00e9 p\u00edsomnosti, ktor\u00e9 pon\u00fakaj\u00fa autentick\u00fd a komplexn\u00fd poh\u013ead na historick\u00e9 udalosti aj s ich \u0161ir\u0161\u00edmi s\u00favislos\u0165ami.  Objavte pr\u00edbehy, ktor\u00e9 neboli nikde publikovan\u00e9, a spoznajte priekopn\u00edkov, ktor\u00fdch men\u00e1 sa, bohu\u017eia\u013e, z kron\u00edk Detvy vytratili. T\u00e1to publik\u00e1cia nie je len spomienkou na minulos\u0165, ale aj in\u0161pir\u00e1ciou pre bud\u00face gener\u00e1cie detvianskych \u0161portovcov a funkcion\u00e1rov.\u00a0Ak v\u00e1s zauj\u00edmaj\u00fa pr\u00edbehy o \u0161porte, hist\u00f3rii a odhodlan\u00ed, toto je kniha pre v\u00e1s.","og_url":"https:\/\/www.hokej-polemika.sk\/?product=pozoruhodny-pribeh-detvianskeho-futbalu-a-hokeja","og_site_name":"Polemika o slovenskom hokeji","article_modified_time":"2025-10-24T10:09:06+00:00","og_image":[{"width":1024,"height":1024,"url":"https:\/\/www.hokej-polemika.sk\/wp-content\/uploads\/2025\/10\/detvaSport3.png","type":"image\/png"}],"twitter_card":"summary_large_image","twitter_misc":{"Predpokladan\u00fd \u010das \u010d\u00edtania":"2 min\u00faty"},"schema":{"@context":"https:\/\/schema.org","@graph":[{"@type":"WebPage","@id":"https:\/\/www.hokej-polemika.sk\/?product=pozoruhodny-pribeh-detvianskeho-futbalu-a-hokeja","url":"https:\/\/www.hokej-polemika.sk\/?product=pozoruhodny-pribeh-detvianskeho-futbalu-a-hokeja","name":"Pozoruhodn\u00fd pr\u00edbeh detvianskeho futbalu a hokeja - Polemika o slovenskom hokeji","isPartOf":{"@id":"https:\/\/www.hokej-polemika.sk\/#website"},"primaryImageOfPage":{"@id":"https:\/\/www.hokej-polemika.sk\/?product=pozoruhodny-pribeh-detvianskeho-futbalu-a-hokeja#primaryimage"},"image":{"@id":"https:\/\/www.hokej-polemika.sk\/?product=pozoruhodny-pribeh-detvianskeho-futbalu-a-hokeja#primaryimage"},"thumbnailUrl":"https:\/\/www.hokej-polemika.sk\/wp-content\/uploads\/2025\/10\/detvaSport3.png","datePublished":"2025-09-10T10:33:24+00:00","dateModified":"2025-10-24T10:09:06+00:00","breadcrumb":{"@id":"https:\/\/www.hokej-polemika.sk\/?product=pozoruhodny-pribeh-detvianskeho-futbalu-a-hokeja#breadcrumb"},"inLanguage":"sk-SK","potentialAction":[{"@type":"ReadAction","target":["https:\/\/www.hokej-polemika.sk\/?product=pozoruhodny-pribeh-detvianskeho-futbalu-a-hokeja"]}]},{"@type":"ImageObject","inLanguage":"sk-SK","@id":"https:\/\/www.hokej-polemika.sk\/?product=pozoruhodny-pribeh-detvianskeho-futbalu-a-hokeja#primaryimage","url":"https:\/\/www.hokej-polemika.sk\/wp-content\/uploads\/2025\/10\/detvaSport3.png","contentUrl":"https:\/\/www.hokej-polemika.sk\/wp-content\/uploads\/2025\/10\/detvaSport3.png","width":1024,"height":1024},{"@type":"BreadcrumbList","@id":"https:\/\/www.hokej-polemika.sk\/?product=pozoruhodny-pribeh-detvianskeho-futbalu-a-hokeja#breadcrumb","itemListElement":[{"@type":"ListItem","position":1,"name":"Home","item":"https:\/\/www.hokej-polemika.sk\/"},{"@type":"ListItem","position":2,"name":"Obchod","item":"https:\/\/www.hokej-polemika.sk\/?page_id=56"},{"@type":"ListItem","position":3,"name":"Pozoruhodn\u00fd pr\u00edbeh detvianskeho futbalu a hokeja"}]},{"@type":"WebSite","@id":"https:\/\/www.hokej-polemika.sk\/#website","url":"https:\/\/www.hokej-polemika.sk\/","name":"Polemika o slovenskom hokeji","description":"","publisher":{"@id":"https:\/\/www.hokej-polemika.sk\/#organization"},"potentialAction":[{"@type":"SearchAction","target":{"@type":"EntryPoint","urlTemplate":"https:\/\/www.hokej-polemika.sk\/?s={search_term_string}"},"query-input":{"@type":"PropertyValueSpecification","valueRequired":true,"valueName":"search_term_string"}}],"inLanguage":"sk-SK"},{"@type":"Organization","@id":"https:\/\/www.hokej-polemika.sk\/#organization","name":"Polemika o slovenskom hokeji","url":"https:\/\/www.hokej-polemika.sk\/","logo":{"@type":"ImageObject","inLanguage":"sk-SK","@id":"https:\/\/www.hokej-polemika.sk\/#\/schema\/logo\/image\/","url":"https:\/\/www.hokej-polemika.sk\/wp-content\/uploads\/2023\/05\/logo.png","contentUrl":"https:\/\/www.hokej-polemika.sk\/wp-content\/uploads\/2023\/05\/logo.png","width":3840,"height":2160,"caption":"Polemika o slovenskom hokeji"},"image":{"@id":"https:\/\/www.hokej-polemika.sk\/#\/schema\/logo\/image\/"}}]}},"jetpack_sharing_enabled":true,"_links":{"self":[{"href":"https:\/\/www.hokej-polemika.sk\/index.php?rest_route=\/wp\/v2\/product\/215","targetHints":{"allow":["GET"]}}],"collection":[{"href":"https:\/\/www.hokej-polemika.sk\/index.php?rest_route=\/wp\/v2\/product"}],"about":[{"href":"https:\/\/www.hokej-polemika.sk\/index.php?rest_route=\/wp\/v2\/types\/product"}],"wp:featuredmedia":[{"embeddable":true,"href":"https:\/\/www.hokej-polemika.sk\/index.php?rest_route=\/wp\/v2\/media\/230"}],"wp:attachment":[{"href":"https:\/\/www.hokej-polemika.sk\/index.php?rest_route=%2Fwp%2Fv2%2Fmedia&parent=215"}],"wp:term":[{"taxonomy":"product_brand","embeddable":true,"href":"https:\/\/www.hokej-polemika.sk\/index.php?rest_route=%2Fwp%2Fv2%2Fproduct_brand&post=215"},{"taxonomy":"product_cat","embeddable":true,"href":"https:\/\/www.hokej-polemika.sk\/index.php?rest_route=%2Fwp%2Fv2%2Fproduct_cat&post=215"},{"taxonomy":"product_tag","embeddable":true,"href":"https:\/\/www.hokej-polemika.sk\/index.php?rest_route=%2Fwp%2Fv2%2Fproduct_tag&post=215"}],"curies":[{"name":"wp","href":"https:\/\/api.w.org\/{rel}","templated":true}]}}